{"id":10,"date":"2022-03-25T14:21:00","date_gmt":"2022-03-25T14:21:00","guid":{"rendered":"https:\/\/erubilim.erciyes.edu.tr\/?page_id=10"},"modified":"2022-10-27T17:52:20","modified_gmt":"2022-10-27T17:52:20","slug":"bilim-kurulu","status":"publish","type":"page","link":"https:\/\/erubilim.erciyes.edu.tr\/index.php\/bilim-kurulu\/","title":{"rendered":"B\u0130L\u0130M KURULU"},"content":{"rendered":"\n<ol class=\"wp-block-list\" type=\"1\"><li>Prof. Dr. Mehmet KAHRAMAN, Gaziantep \u00dcniversitesi Fen Fak\u00fcltesi<\/li><li>Prof. Dr. Selma G\u00d6KAHMETO\u011eLU, Erciyes \u00dcniversitesi T\u0131p Fak\u00fcltesi<\/li><li>Prof. Dr. Mustafa Serdar \u00d6NSES, Erciyes \u00dcniversitesi M\u00fchendislik Fak\u00fcltesi<\/li><li>Do\u00e7. Dr. Basri G\u00dcLBAKAN, Hacettepe \u00dcniversitesi \u00c7ocuk Sa\u011fl\u0131\u011f\u0131 Enstit\u00fcs\u00fc<\/li><li>Do\u00e7. Dr. \u0130lker AVAN, Eski\u015fehir Teknik \u00dcniversitesi, Fen Fak\u00fcltesi<\/li><li>Do\u00e7. Dr. Ersen G\u00d6KT\u00dcRK, Mustafa Kemal \u00dcniversitesi, Fen Fak\u00fcltesi<\/li><li>Do\u00e7. Dr. \u0130smail \u00d6\u00c7SOY, Erciyes \u00dcniversitesi Eczac\u0131l\u0131k Fak\u00fcltesi<\/li><li>Do\u00e7. Dr. Nilay ILDIZ, Erciyes \u00dcniversitesi Eczac\u0131l\u0131k Fak\u00fcltesi<\/li><li>Dr. \u00d6\u011fr. \u00dcyesi Esra BALCIO\u011eLU, Erciyes \u00dcniversitesi T\u0131p Fak\u00fcltesi<\/li><li>Dr. \u00d6\u011fr. \u00dcyesi G\u00fcven AK\u00c7AY, Hitit \u00dcniversitesi T\u0131p Fak\u00fcltesi &nbsp;<\/li><\/ol>\n","protected":false},"excerpt":{"rendered":"<p>Prof. Dr. Mehmet KAHRAMAN, Gaziantep \u00dcniversitesi Fen Fak\u00fcltesi Prof. Dr. Selma G\u00d6KAHMETO\u011eLU, Erciyes \u00dcniversitesi T\u0131p Fak\u00fcltesi Prof. Dr. Mustafa Serdar \u00d6NSES, Erciyes \u00dcniversitesi M\u00fchendislik Fak\u00fcltesi Do\u00e7. Dr. Basri G\u00dcLBAKAN, Hacettepe \u00dcniversitesi \u00c7ocuk Sa\u011fl\u0131\u011f\u0131 Enstit\u00fcs\u00fc Do\u00e7. Dr. \u0130lker AVAN, Eski\u015fehir Teknik \u00dcniversitesi, Fen Fak\u00fcltesi Do\u00e7. Dr. Ersen G\u00d6KT\u00dcRK, Mustafa Kemal \u00dcniversitesi, Fen Fak\u00fcltesi Do\u00e7. Dr. \u0130smail [&hellip;]<\/p>\n","protected":false},"author":1,"featured_media":0,"parent":0,"menu_order":0,"comment_status":"closed","ping_status":"closed","template":"","meta":{"footnotes":""},"class_list":["post-10","page","type-page","status-publish","hentry"],"_links":{"self":[{"href":"https:\/\/erubilim.erciyes.edu.tr\/index.php\/wp-json\/wp\/v2\/pages\/10","targetHints":{"allow":["GET"]}}],"collection":[{"href":"https:\/\/erubilim.erciyes.edu.tr\/index.php\/wp-json\/wp\/v2\/pages"}],"about":[{"href":"https:\/\/erubilim.erciyes.edu.tr\/index.php\/wp-json\/wp\/v2\/types\/page"}],"author":[{"embeddable":true,"href":"https:\/\/erubilim.erciyes.edu.tr\/index.php\/wp-json\/wp\/v2\/users\/1"}],"replies":[{"embeddable":true,"href":"https:\/\/erubilim.erciyes.edu.tr\/index.php\/wp-json\/wp\/v2\/comments?post=10"}],"version-history":[{"count":2,"href":"https:\/\/erubilim.erciyes.edu.tr\/index.php\/wp-json\/wp\/v2\/pages\/10\/revisions"}],"predecessor-version":[{"id":72,"href":"https:\/\/erubilim.erciyes.edu.tr\/index.php\/wp-json\/wp\/v2\/pages\/10\/revisions\/72"}],"wp:attachment":[{"href":"https:\/\/erubilim.erciyes.edu.tr\/index.php\/wp-json\/wp\/v2\/media?parent=10"}],"curies":[{"name":"wp","href":"https:\/\/api.w.org\/{rel}","templated":true}]}}