{"id":15,"date":"2022-03-25T14:22:35","date_gmt":"2022-03-25T14:22:35","guid":{"rendered":"https:\/\/erubilim.erciyes.edu.tr\/?page_id=15"},"modified":"2023-03-09T16:01:13","modified_gmt":"2023-03-09T16:01:13","slug":"egitmenler","status":"publish","type":"page","link":"https:\/\/erubilim.erciyes.edu.tr\/index.php\/egitmenler\/","title":{"rendered":"E\u011e\u0130TMENLER"},"content":{"rendered":"\n<p><strong>&#8220;Sa\u011fl\u0131k Bilimleri Alan\u0131nda Lisans\u00fcst\u00fc\/Ara\u015ft\u0131rmac\u0131lara Y\u00f6nelik Akademik Becerilere Giri\u015f ve T\u00dcB\u0130TAK Proje Yazma E\u011fitimi&#8221; (8-11 Eyl\u00fcl 2023)<\/strong><\/p>\n\n\n\n<p><strong>Kurs Koordinat\u00f6r\u00fc: Prof.\u00a0 Dr. \u0130smail \u00d6\u00c7SOY<\/strong><\/p>\n\n\n\n<p><strong>E\u011e\u0130TMENLER:<\/strong><\/p>\n\n\n\n<ol class=\"wp-block-list\" type=\"1\">\n<li>Prof. Dr. Erdal A\u011eAR, Ondokuz May\u0131s \u00dcniversitesi T\u0131p Fak\u00fcltesi<\/li>\n\n\n\n<li>Prof. Dr. Ahmet HACIM\u00dcFT\u00dcO\u011eLU, Atat\u00fcrk \u00dcniversitesi T\u0131p Fak\u00fcltesi<\/li>\n\n\n\n<li>Prof. Dr. Mustafa B\u00d6Y\u00dcKATA, Yozgat Bozok \u00dcniversitesi Fen Edebiyat Fak\u00fcltesi<\/li>\n\n\n\n<li>Prof.\u00a0 Dr. \u0130smail \u00d6\u00c7SOY, Erciyes \u00dcniversitesi Eczac\u0131l\u0131k Fak\u00fcltesi<\/li>\n\n\n\n<li>Do\u00e7. Dr. Nilay ILDIZ, Erciyes \u00dcniversitesi Eczac\u0131l\u0131k Fak\u00fcltesi<\/li>\n\n\n\n<li>Do\u00e7. Dr. G\u00f6k\u00e7en D\u0130N\u00c7, Erciyes \u00dcniversitesi T\u0131p Fak\u00fcltesi<\/li>\n\n\n\n<li>Do\u00e7. Dr. Osman Tolga G\u00dcL, Hac\u0131 Bayram Veli \u00dcniversitesi Fen Fak\u00fcltesi<\/li>\n\n\n\n<li>Dr. \u00d6\u011fr. \u00dcyesi Esra BALCIO\u011eLU, Erciyes \u00dcniversitesi T\u0131p Fak\u00fcltesi<\/li>\n\n\n\n<li>Dr. \u00d6\u011fr. \u00dcyesi Fatih \u0130NC\u0130, Bilkent \u00dcniversitesi UNAM<\/li>\n\n\n\n<li>Dr. \u00d6\u011fr. \u00dcyesi G\u00fcven AK\u00c7AY, Hitit \u00dcniversitesi T\u0131p Fak\u00fcltesi<\/li>\n\n\n\n<li>\u00d6\u011fr. G\u00f6r. Dr. \u00c7a\u011fla \u00c7EL\u0130K, Hitit \u00dcniversitesi<\/li>\n<\/ol>\n\n\n\n<p><strong>&#8220;Sa\u011fl\u0131k Bilimleri Alan\u0131nda \u00d6nlisans\/Lisans \u00d6\u011frencilerine Y\u00f6nelik Akademik Becerilere Giri\u015f ve T\u00dcB\u0130TAK Proje Yazma E\u011fitimi&#8221; (15-18 A\u011fustos 2023)<\/strong><\/p>\n\n\n\n<p><strong>Kurs Koordinat\u00f6r\u00fc: Do\u00e7. Dr. Nilay ILDIZ<\/strong><\/p>\n\n\n\n<p><strong>E\u011e\u0130TMENLER<\/strong>:<\/p>\n\n\n\n<ol class=\"wp-block-list\" type=\"1\">\n<li>Prof. Dr. \u0130smail \u00d6\u00c7SOY, Erciyes \u00dcniversitesi Eczac\u0131l\u0131k Fak\u00fcltesi<\/li>\n\n\n\n<li>Do\u00e7. Dr. \u00dclk\u00fc KARAMAN, Ordu \u00dcniversitesi T\u0131p Fak\u00fcltesi<\/li>\n\n\n\n<li>Do\u00e7. Dr. Nilay ILDIZ, Erciyes \u00dcniversitesi Eczac\u0131l\u0131k Fak\u00fcltesi<\/li>\n\n\n\n<li>Do\u00e7. Dr. Ay\u015fe BALDEM\u0130R KILI\u00c7, Sa\u011fl\u0131k Bilimleri \u00dcniversitesi G\u00fclhane Eczac\u0131l\u0131k Fak\u00fcltesi<\/li>\n\n\n\n<li>Dr. \u00d6\u011fr. \u00dcyesi G\u00fcl B\u00fc\u015fra KAYA, \u0130stanbul Sa\u011fl\u0131k ve Teknoloji \u00dcniversitesi T\u0131p Fak\u00fcltesi<\/li>\n\n\n\n<li>Dr. \u00d6\u011fr. \u00dcyesi Esra BALCIO\u011eLU, Erciyes \u00dcniversitesi T\u0131p Fak\u00fcltesi<\/li>\n\n\n\n<li>Dr. \u00d6\u011fr. \u00dcyesi Fatih \u0130NC\u0130, Bilkent \u00dcniversitesi UNAM<\/li>\n\n\n\n<li>Dr. \u00d6\u011fr. \u00dcyesi G\u00fcven AK\u00c7AY, Hitit \u00dcniversitesi T\u0131p Fak\u00fcltesi<\/li>\n\n\n\n<li>\u00d6\u011fr. G\u00f6r. Dr. \u00c7a\u011fla \u00c7EL\u0130K, Hitit \u00dcniversitesi<\/li>\n\n\n\n<li>\u00d6\u011fr. G\u00f6r. Ayfer KILI\u00c7, Malatya Turgut \u00d6zal \u00dcniversitesi<\/li>\n<\/ol>\n\n\n\n<p><strong>&#8220;Sa\u011fl\u0131k Bilimleri Alan\u0131nda \u00d6nlisans\/Lisans \u00d6\u011frencilerine Y\u00f6nelik Akademik Becerilere Giri\u015f ve T\u00dcB\u0130TAK Proje Yazma E\u011fitimi&#8221; (10-13 A\u011fustos 2023)<\/strong><\/p>\n\n\n\n<p><strong>Kurs Koordinat\u00f6r\u00fc: Dr. \u00d6\u011fr. \u00dcyesi Esra BALCIO\u011eLU<\/strong><\/p>\n\n\n\n<p><strong>E\u011e\u0130TMENLER<\/strong>:<\/p>\n\n\n\n<ol class=\"wp-block-list\" type=\"1\">\n<li>Prof. Dr. \u0130smail \u00d6\u00c7SOY, Erciyes \u00dcniversitesi Eczac\u0131l\u0131k Fak\u00fcltesi<\/li>\n\n\n\n<li>Do\u00e7. Dr. \u00dclk\u00fc KARAMAN, Ordu \u00dcniversitesi T\u0131p Fak\u00fcltesi<\/li>\n\n\n\n<li>Do\u00e7. Dr. Nilay ILDIZ, Erciyes \u00dcniversitesi Eczac\u0131l\u0131k Fak\u00fcltesi<\/li>\n\n\n\n<li>Do\u00e7. Dr. Mustafa N\u0130SAR\u0130, Nuh Naci Yazgan \u00dcniversitesi Sa\u011fl\u0131k Bilimleri Fak\u00fcltesi<\/li>\n\n\n\n<li>Dr. \u00d6\u011fr. \u00dcyesi Halime TOZAK YILDIZ, K\u0131r\u015fehir Ahi Evran \u00dcniversitesi T\u0131p Fak\u00fcltesi<\/li>\n\n\n\n<li>Dr. \u00d6\u011fr. \u00dcyesi \u0130nayet G\u00dcNT\u00dcRK, Ni\u011fde \u00d6mer Halisdemir \u00dcniversitesi<\/li>\n\n\n\n<li>Dr. \u00d6\u011fr. \u00dcyesi Esra BALCIO\u011eLU, Erciyes \u00dcniversitesi T\u0131p Fak\u00fcltesi<\/li>\n\n\n\n<li>Dr. \u00d6\u011fr. \u00dcyesi Fatih \u0130NC\u0130, Bilkent \u00dcniversitesi UNAM<\/li>\n\n\n\n<li>Dr. \u00d6\u011fr. \u00dcyesi G\u00fcven AK\u00c7AY, Hitit \u00dcniversitesi T\u0131p Fak\u00fcltesi<\/li>\n\n\n\n<li>\u00d6\u011fr. G\u00f6r. Dr. \u00c7a\u011fla \u00c7EL\u0130K, Hitit \u00dcniversitesi<\/li>\n<\/ol>\n","protected":false},"excerpt":{"rendered":"<p>&#8220;Sa\u011fl\u0131k Bilimleri Alan\u0131nda Lisans\u00fcst\u00fc\/Ara\u015ft\u0131rmac\u0131lara Y\u00f6nelik Akademik Becerilere Giri\u015f ve T\u00dcB\u0130TAK Proje Yazma E\u011fitimi&#8221; (8-11 Eyl\u00fcl 2023) Kurs Koordinat\u00f6r\u00fc: Prof.\u00a0 Dr. \u0130smail \u00d6\u00c7SOY E\u011e\u0130TMENLER: &#8220;Sa\u011fl\u0131k Bilimleri Alan\u0131nda \u00d6nlisans\/Lisans \u00d6\u011frencilerine Y\u00f6nelik Akademik Becerilere Giri\u015f ve T\u00dcB\u0130TAK Proje Yazma E\u011fitimi&#8221; (15-18 A\u011fustos 2023) Kurs Koordinat\u00f6r\u00fc: Do\u00e7. Dr. Nilay ILDIZ E\u011e\u0130TMENLER: &#8220;Sa\u011fl\u0131k Bilimleri Alan\u0131nda \u00d6nlisans\/Lisans \u00d6\u011frencilerine Y\u00f6nelik Akademik Becerilere [&hellip;]<\/p>\n","protected":false},"author":1,"featured_media":0,"parent":0,"menu_order":0,"comment_status":"closed","ping_status":"closed","template":"","meta":{"footnotes":""},"class_list":["post-15","page","type-page","status-publish","hentry"],"_links":{"self":[{"href":"https:\/\/erubilim.erciyes.edu.tr\/index.php\/wp-json\/wp\/v2\/pages\/15","targetHints":{"allow":["GET"]}}],"collection":[{"href":"https:\/\/erubilim.erciyes.edu.tr\/index.php\/wp-json\/wp\/v2\/pages"}],"about":[{"href":"https:\/\/erubilim.erciyes.edu.tr\/index.php\/wp-json\/wp\/v2\/types\/page"}],"author":[{"embeddable":true,"href":"https:\/\/erubilim.erciyes.edu.tr\/index.php\/wp-json\/wp\/v2\/users\/1"}],"replies":[{"embeddable":true,"href":"https:\/\/erubilim.erciyes.edu.tr\/index.php\/wp-json\/wp\/v2\/comments?post=15"}],"version-history":[{"count":6,"href":"https:\/\/erubilim.erciyes.edu.tr\/index.php\/wp-json\/wp\/v2\/pages\/15\/revisions"}],"predecessor-version":[{"id":80,"href":"https:\/\/erubilim.erciyes.edu.tr\/index.php\/wp-json\/wp\/v2\/pages\/15\/revisions\/80"}],"wp:attachment":[{"href":"https:\/\/erubilim.erciyes.edu.tr\/index.php\/wp-json\/wp\/v2\/media?parent=15"}],"curies":[{"name":"wp","href":"https:\/\/api.w.org\/{rel}","templated":true}]}}