{"id":17,"date":"2022-03-25T14:23:11","date_gmt":"2022-03-25T14:23:11","guid":{"rendered":"https:\/\/erubilim.erciyes.edu.tr\/?page_id=17"},"modified":"2023-03-09T16:06:19","modified_gmt":"2023-03-09T16:06:19","slug":"etkinlik-bilgileri","status":"publish","type":"page","link":"https:\/\/erubilim.erciyes.edu.tr\/index.php\/etkinlik-bilgileri\/","title":{"rendered":"ETK\u0130NL\u0130K B\u0130LG\u0130LER\u0130"},"content":{"rendered":"\n<p><strong>&#8220;Sa\u011fl\u0131k Bilimleri Alan\u0131nda Lisans \u00d6\u011frencilerine Y\u00f6nelik Akademik Becerilere Giri\u015f ve T\u00dcB\u0130TAK Proje Yazma E\u011fitimi&#8221; kursumuz\u00a0&#8220;T\u00dcB\u0130TAK 2237-A Bilimsel E\u011fitim Etkinliklerini Destekleme Program\u0131&#8221; taraf\u0131ndan desteklenmekte olup kurslar\u0131m\u0131z \u00fccretsizdir. Kurs sonunda kat\u0131l\u0131mc\u0131lar\u0131m\u0131za\u00a0Kat\u0131l\u0131m Belgesi\u00a0verilecektir.\u00a0Kurslar\u0131m\u0131z;<\/strong><\/p>\n\n\n\n<p><strong>Kurs 1:<\/strong> <strong>&#8220;Sa\u011fl\u0131k Bilimleri Alan\u0131nda Lisans\u00fcst\u00fc\/Ara\u015ft\u0131rmac\u0131lara Y\u00f6nelik Akademik Becerilere Giri\u015f ve T\u00dcB\u0130TAK Proje Yazma E\u011fitimi&#8221; (8-11 Eyl\u00fcl 2023)<\/strong><\/p>\n\n\n\n<p><strong>Kurs Koordinat\u00f6r\u00fc: Prof.\u00a0 Dr. \u0130smail \u00d6\u00c7SOY<\/strong><\/p>\n\n\n\n<p><strong>Kurs 2:<\/strong> <strong>&#8220;Sa\u011fl\u0131k Bilimleri Alan\u0131nda \u00d6nlisans\/Lisans \u00d6\u011frencilerine Y\u00f6nelik Akademik Becerilere Giri\u015f ve T\u00dcB\u0130TAK Proje Yazma E\u011fitimi&#8221; (15-18 A\u011fustos 2023)<\/strong><\/p>\n\n\n\n<p><strong>Kurs Koordinat\u00f6r\u00fc: Do\u00e7. Dr. Nilay ILDIZ<\/strong><\/p>\n\n\n\n<p><strong>Kurs 3: &#8220;Sa\u011fl\u0131k Bilimleri Alan\u0131nda \u00d6nlisans\/Lisans \u00d6\u011frencilerine Y\u00f6nelik Akademik Becerilere Giri\u015f ve T\u00dcB\u0130TAK Proje Yazma E\u011fitimi&#8221; (10-13 A\u011fustos 2023)<\/strong><\/p>\n\n\n\n<p><strong>Kurs Koordinat\u00f6r\u00fc: Dr. \u00d6\u011fr. \u00dcyesi Esra BALCIO\u011eLU<\/strong><\/p>\n\n\n\n<p>Bu etkinli\u011finin temel amac\u0131, t\u0131p fak\u00fcltesi, di\u015f hekimli\u011fi, eczac\u0131l\u0131k, hem\u015firelik, fizik tedavi ve rehabilitasyon \u00f6\u011frencileri gibi Sa\u011fl\u0131k Bilimleri alan\u0131nda e\u011fitim g\u00f6ren \u00f6\u011frencilere bilimsel y\u00f6nden geli\u015fmelerine katk\u0131da bulunmak, nitelikli bilim insan\u0131n\u0131n yeti\u015fmesi yolunda kazan\u0131mlar sa\u011flayarak fark\u0131ndal\u0131k olu\u015fturmakt\u0131r. T\u00dcB\u0130TAK&#8217;\u0131n sa\u011flayaca\u011f\u0131 desteklerle, farkl\u0131 \u00fcniversitelerde e\u011fitim g\u00f6ren Sa\u011fl\u0131k Bilimleri alan\u0131nda lisans e\u011fitimi g\u00f6ren \u00f6\u011frencilerin bir araya gelmesi sa\u011flanacak olup ortak bir sinerji olu\u015fturarak; \u00f6zge\u00e7mi\u015f haz\u0131rlama, proje \u00f6nerisi yazma, bilimsel toplant\u0131larda sunu yapma vb. konularda tecr\u00fcbe kazanmalar\u0131 hedeflenmi\u015ftir.<\/p>\n\n\n\n<p>\u201cSa\u011fl\u0131k Bilimleri Alan\u0131nda \u00d6nlisans\/Lisans\/Lisans\u00fcst\u00fc \u00d6\u011frencilerine Y\u00f6nelik Akademik Becerilere Giri\u015f ve T\u00dcB\u0130TAK Proje Yazma E\u011fitimi &#8221; etkinli\u011finin kapsam\u0131, konusunda deneyimli ve \u00f6zg\u00fcn fikir sahibi e\u011fiticiler taraf\u0131ndan, Sa\u011fl\u0131k Bilimleri alan\u0131nda lisans e\u011fitimi g\u00f6ren \u00f6\u011frencilere bilimsel bir fikrin nas\u0131l proje \u00f6nerisi haline d\u00f6n\u00fc\u015ft\u00fcr\u00fclebilece\u011fi teorik ve uygulamalarla anlat\u0131lmas\u0131d\u0131r. Bilimsel bir problemi belirleme, ilgili konuya ve alana ait bilimsel literat\u00fcre eri\u015fim, alana ait literat\u00fcre y\u00f6nelik bilimsel de\u011ferlendirme, proje haz\u0131rlama becerisi ve projenin yaz\u0131l\u0131 sunumu i\u00e7in ilgili yeterliklere kazand\u0131r\u0131lmas\u0131 bu kapsamda de\u011ferlendirilecektir.<\/p>\n\n\n\n<p><strong>Etkinli\u011fimiz &#8220;T\u00dcB\u0130TAK 2237-A Bilimsel E\u011fitim Etkinliklerini Destekleme Program\u0131&#8221; taraf\u0131ndan desteklenmekte olup kurslar\u0131m\u0131z \u00fccretsizdir. Kurs sonunda kat\u0131l\u0131mc\u0131lar\u0131m\u0131za&nbsp;Kat\u0131l\u0131m Belgesi&nbsp;verilecektir.&nbsp;<\/strong><strong>Kurskar\u0131m\u0131z \u00c7EVR\u0130M\u0130\u00c7\u0130 <\/strong><strong>olarak ger\u00e7ekle\u015ftirilecektir.<\/strong><\/p>\n","protected":false},"excerpt":{"rendered":"<p>&#8220;Sa\u011fl\u0131k Bilimleri Alan\u0131nda Lisans \u00d6\u011frencilerine Y\u00f6nelik Akademik Becerilere Giri\u015f ve T\u00dcB\u0130TAK Proje Yazma E\u011fitimi&#8221; kursumuz\u00a0&#8220;T\u00dcB\u0130TAK 2237-A Bilimsel E\u011fitim Etkinliklerini Destekleme Program\u0131&#8221; taraf\u0131ndan desteklenmekte olup kurslar\u0131m\u0131z \u00fccretsizdir. Kurs sonunda kat\u0131l\u0131mc\u0131lar\u0131m\u0131za\u00a0Kat\u0131l\u0131m Belgesi\u00a0verilecektir.\u00a0Kurslar\u0131m\u0131z; Kurs 1: &#8220;Sa\u011fl\u0131k Bilimleri Alan\u0131nda Lisans\u00fcst\u00fc\/Ara\u015ft\u0131rmac\u0131lara Y\u00f6nelik Akademik Becerilere Giri\u015f ve T\u00dcB\u0130TAK Proje Yazma E\u011fitimi&#8221; (8-11 Eyl\u00fcl 2023) Kurs Koordinat\u00f6r\u00fc: Prof.\u00a0 Dr. \u0130smail \u00d6\u00c7SOY Kurs [&hellip;]<\/p>\n","protected":false},"author":1,"featured_media":0,"parent":0,"menu_order":0,"comment_status":"closed","ping_status":"closed","template":"","meta":{"footnotes":""},"class_list":["post-17","page","type-page","status-publish","hentry"],"_links":{"self":[{"href":"https:\/\/erubilim.erciyes.edu.tr\/index.php\/wp-json\/wp\/v2\/pages\/17","targetHints":{"allow":["GET"]}}],"collection":[{"href":"https:\/\/erubilim.erciyes.edu.tr\/index.php\/wp-json\/wp\/v2\/pages"}],"about":[{"href":"https:\/\/erubilim.erciyes.edu.tr\/index.php\/wp-json\/wp\/v2\/types\/page"}],"author":[{"embeddable":true,"href":"https:\/\/erubilim.erciyes.edu.tr\/index.php\/wp-json\/wp\/v2\/users\/1"}],"replies":[{"embeddable":true,"href":"https:\/\/erubilim.erciyes.edu.tr\/index.php\/wp-json\/wp\/v2\/comments?post=17"}],"version-history":[{"count":5,"href":"https:\/\/erubilim.erciyes.edu.tr\/index.php\/wp-json\/wp\/v2\/pages\/17\/revisions"}],"predecessor-version":[{"id":82,"href":"https:\/\/erubilim.erciyes.edu.tr\/index.php\/wp-json\/wp\/v2\/pages\/17\/revisions\/82"}],"wp:attachment":[{"href":"https:\/\/erubilim.erciyes.edu.tr\/index.php\/wp-json\/wp\/v2\/media?parent=17"}],"curies":[{"name":"wp","href":"https:\/\/api.w.org\/{rel}","templated":true}]}}