{"id":25,"date":"2022-03-25T14:29:29","date_gmt":"2022-03-25T14:29:29","guid":{"rendered":"https:\/\/erubilim.erciyes.edu.tr\/?page_id=25"},"modified":"2022-03-25T18:46:12","modified_gmt":"2022-03-25T18:46:12","slug":"iletisim","status":"publish","type":"page","link":"https:\/\/erubilim.erciyes.edu.tr\/index.php\/iletisim\/","title":{"rendered":"\u0130LET\u0130\u015e\u0130M"},"content":{"rendered":"\n<p>Mail Adresi: ismailocsoy@erciyes.edu.tr<\/p>\n\n\n\n<p>Adres: Erciyes \u00dcniversitesi Mustafa K\u0131l\u0131\u00e7er Eczac\u0131l\u0131k Fak\u00fcltesi<\/p>\n\n\n\n<p><\/p>\n","protected":false},"excerpt":{"rendered":"<p>Mail Adresi: ismailocsoy@erciyes.edu.tr Adres: Erciyes \u00dcniversitesi Mustafa K\u0131l\u0131\u00e7er Eczac\u0131l\u0131k Fak\u00fcltesi<\/p>\n","protected":false},"author":1,"featured_media":0,"parent":0,"menu_order":0,"comment_status":"closed","ping_status":"closed","template":"","meta":{"footnotes":""},"class_list":["post-25","page","type-page","status-publish","hentry"],"_links":{"self":[{"href":"https:\/\/erubilim.erciyes.edu.tr\/index.php\/wp-json\/wp\/v2\/pages\/25","targetHints":{"allow":["GET"]}}],"collection":[{"href":"https:\/\/erubilim.erciyes.edu.tr\/index.php\/wp-json\/wp\/v2\/pages"}],"about":[{"href":"https:\/\/erubilim.erciyes.edu.tr\/index.php\/wp-json\/wp\/v2\/types\/page"}],"author":[{"embeddable":true,"href":"https:\/\/erubilim.erciyes.edu.tr\/index.php\/wp-json\/wp\/v2\/users\/1"}],"replies":[{"embeddable":true,"href":"https:\/\/erubilim.erciyes.edu.tr\/index.php\/wp-json\/wp\/v2\/comments?post=25"}],"version-history":[{"count":4,"href":"https:\/\/erubilim.erciyes.edu.tr\/index.php\/wp-json\/wp\/v2\/pages\/25\/revisions"}],"predecessor-version":[{"id":57,"href":"https:\/\/erubilim.erciyes.edu.tr\/index.php\/wp-json\/wp\/v2\/pages\/25\/revisions\/57"}],"wp:attachment":[{"href":"https:\/\/erubilim.erciyes.edu.tr\/index.php\/wp-json\/wp\/v2\/media?parent=25"}],"curies":[{"name":"wp","href":"https:\/\/api.w.org\/{rel}","templated":true}]}}