{"id":8,"date":"2022-03-25T14:20:27","date_gmt":"2022-03-25T14:20:27","guid":{"rendered":"https:\/\/erubilim.erciyes.edu.tr\/?page_id=8"},"modified":"2023-03-09T15:56:17","modified_gmt":"2023-03-09T15:56:17","slug":"duzenleme-kurulu","status":"publish","type":"page","link":"https:\/\/erubilim.erciyes.edu.tr\/index.php\/duzenleme-kurulu\/","title":{"rendered":"D\u00dcZENLEME KURULU"},"content":{"rendered":"\n<ol class=\"wp-block-list\" type=\"1\">\n<li>Prof. Dr. \u0130smail \u00d6\u00c7SOY, Erciyes \u00dcniversitesi Eczac\u0131l\u0131k Fak\u00fcltesi<\/li>\n\n\n\n<li>Do\u00e7. Dr. Nilay ILDIZ, Erciyes \u00dcniversitesi Eczac\u0131l\u0131k Fak\u00fcltesi<\/li>\n\n\n\n<li>Do\u00e7. Dr. \u00dclk\u00fc KARAMAN, Ordu \u00dcniversitesi T\u0131p Fak\u00fcltesi<\/li>\n\n\n\n<li>Dr. \u00d6\u011fr. \u00dcyesi Fatih \u0130NC\u0130, Bilkent \u00dcniversitesi UNAM<\/li>\n\n\n\n<li>Dr. \u00d6\u011fr. \u00dcyesi Esra BALCIO\u011eLU, Erciyes \u00dcniversitesi T\u0131p Fak\u00fcltesi<\/li>\n\n\n\n<li>Dr. G\u00fcven AK\u00c7AY, Hitit \u00dcniversitesi T\u0131p Fak\u00fcltesi<\/li>\n\n\n\n<li>\u00d6\u011fr. G\u00f6r. Dr. \u00c7a\u011fla \u00c7EL\u0130K, Hitit \u00dcniversitesi<\/li>\n<\/ol>\n","protected":false},"excerpt":{"rendered":"","protected":false},"author":1,"featured_media":0,"parent":0,"menu_order":0,"comment_status":"closed","ping_status":"closed","template":"","meta":{"footnotes":""},"class_list":["post-8","page","type-page","status-publish","hentry"],"_links":{"self":[{"href":"https:\/\/erubilim.erciyes.edu.tr\/index.php\/wp-json\/wp\/v2\/pages\/8","targetHints":{"allow":["GET"]}}],"collection":[{"href":"https:\/\/erubilim.erciyes.edu.tr\/index.php\/wp-json\/wp\/v2\/pages"}],"about":[{"href":"https:\/\/erubilim.erciyes.edu.tr\/index.php\/wp-json\/wp\/v2\/types\/page"}],"author":[{"embeddable":true,"href":"https:\/\/erubilim.erciyes.edu.tr\/index.php\/wp-json\/wp\/v2\/users\/1"}],"replies":[{"embeddable":true,"href":"https:\/\/erubilim.erciyes.edu.tr\/index.php\/wp-json\/wp\/v2\/comments?post=8"}],"version-history":[{"count":3,"href":"https:\/\/erubilim.erciyes.edu.tr\/index.php\/wp-json\/wp\/v2\/pages\/8\/revisions"}],"predecessor-version":[{"id":78,"href":"https:\/\/erubilim.erciyes.edu.tr\/index.php\/wp-json\/wp\/v2\/pages\/8\/revisions\/78"}],"wp:attachment":[{"href":"https:\/\/erubilim.erciyes.edu.tr\/index.php\/wp-json\/wp\/v2\/media?parent=8"}],"curies":[{"name":"wp","href":"https:\/\/api.w.org\/{rel}","templated":true}]}}